{"id":17,"date":"2021-01-08T17:18:44","date_gmt":"2021-01-08T16:18:44","guid":{"rendered":"https:\/\/smartort.de\/?page_id=17"},"modified":"2021-01-08T17:19:58","modified_gmt":"2021-01-08T16:19:58","slug":"17-2","status":"publish","type":"page","link":"https:\/\/smartort.de\/","title":{"rendered":"Wartungsseite"},"content":{"rendered":"\n<h1>\n\t\tDie Webseite wird gerade \u00fcberarbeitet\n\t<\/h1>\n\t<p>Wir arbeiten hart daran, Sie hier bald mit unseren Inhalten \u00fcberraschen zu k\u00f6nnen!<\/p>\n","protected":false},"excerpt":{"rendered":"<p>Die Webseite wird gerade \u00fcberarbeitet Wir arbeiten hart daran, Sie hier bald mit unseren Inhalten \u00fcberraschen zu k\u00f6nnen!<\/p>\n","protected":false},"author":1,"featured_media":0,"parent":0,"menu_order":0,"comment_status":"closed","ping_status":"closed","template":"","meta":{"footnotes":""},"class_list":["post-17","page","type-page","status-publish","hentry"],"_links":{"self":[{"href":"https:\/\/smartort.de\/index.php\/wp-json\/wp\/v2\/pages\/17","targetHints":{"allow":["GET"]}}],"collection":[{"href":"https:\/\/smartort.de\/index.php\/wp-json\/wp\/v2\/pages"}],"about":[{"href":"https:\/\/smartort.de\/index.php\/wp-json\/wp\/v2\/types\/page"}],"author":[{"embeddable":true,"href":"https:\/\/smartort.de\/index.php\/wp-json\/wp\/v2\/users\/1"}],"replies":[{"embeddable":true,"href":"https:\/\/smartort.de\/index.php\/wp-json\/wp\/v2\/comments?post=17"}],"version-history":[{"count":3,"href":"https:\/\/smartort.de\/index.php\/wp-json\/wp\/v2\/pages\/17\/revisions"}],"predecessor-version":[{"id":21,"href":"https:\/\/smartort.de\/index.php\/wp-json\/wp\/v2\/pages\/17\/revisions\/21"}],"wp:attachment":[{"href":"https:\/\/smartort.de\/index.php\/wp-json\/wp\/v2\/media?parent=17"}],"curies":[{"name":"wp","href":"https:\/\/api.w.org\/{rel}","templated":true}]}}